{"id":1577,"date":"2023-10-11T12:06:37","date_gmt":"2023-10-11T12:06:37","guid":{"rendered":"https:\/\/investeam.me\/?page_id=1577"},"modified":"2024-01-24T14:36:18","modified_gmt":"2024-01-24T14:36:18","slug":"news","status":"publish","type":"page","link":"https:\/\/investeam.me\/en\/news\/","title":{"rendered":"News"},"content":{"rendered":"\t\t<div data-elementor-type=\"wp-page\" data-elementor-id=\"1577\" class=\"elementor elementor-1577\" data-elementor-post-type=\"page\">\n\t\t\t\t\t\t<section class=\"elementor-section elementor-top-section elementor-element elementor-element-77391033 elementor-section-boxed elementor-section-height-default elementor-section-height-default wpr-particle-no wpr-jarallax-no wpr-parallax-no wpr-sticky-section-no\" data-id=\"77391033\" data-element_type=\"section\" data-settings=\"{&quot;background_background&quot;:&quot;classic&quot;}\">\n\t\t\t\t\t\t<div class=\"elementor-container elementor-column-gap-default\">\n\t\t\t\t\t<div class=\"elementor-column elementor-col-33 elementor-top-column elementor-element elementor-element-2dc825de\" data-id=\"2dc825de\" data-element_type=\"column\">\n\t\t\t<div class=\"elementor-widget-wrap\">\n\t\t\t\t\t\t\t<\/div>\n\t\t<\/div>\n\t\t\t\t<div class=\"elementor-column elementor-col-33 elementor-top-column elementor-element elementor-element-49e6a9ed\" data-id=\"49e6a9ed\" data-element_type=\"column\">\n\t\t\t<div class=\"elementor-widget-wrap elementor-element-populated\">\n\t\t\t\t\t\t<div class=\"elementor-element elementor-element-ece0d20 elementor-widget elementor-widget-text-editor\" data-id=\"ece0d20\" data-element_type=\"widget\" data-widget_type=\"text-editor.default\">\n\t\t\t\t<div class=\"elementor-widget-container\">\n\t\t\t\t\t\t\t\t\t<h1><span style=\"color: #ffffff;\">News<\/span><\/h1>\t\t\t\t\t\t\t\t<\/div>\n\t\t\t\t<\/div>\n\t\t\t\t<div class=\"elementor-element elementor-element-b347e9f elementor-widget-divider--view-line elementor-widget elementor-widget-divider\" data-id=\"b347e9f\" data-element_type=\"widget\" data-widget_type=\"divider.default\">\n\t\t\t\t<div class=\"elementor-widget-container\">\n\t\t\t\t\t\t\t<div class=\"elementor-divider\">\n\t\t\t<span class=\"elementor-divider-separator\">\n\t\t\t\t\t\t<\/span>\n\t\t<\/div>\n\t\t\t\t\t\t<\/div>\n\t\t\t\t<\/div>\n\t\t\t\t\t<\/div>\n\t\t<\/div>\n\t\t\t\t<div class=\"elementor-column elementor-col-33 elementor-top-column elementor-element elementor-element-6c78b391\" data-id=\"6c78b391\" data-element_type=\"column\">\n\t\t\t<div class=\"elementor-widget-wrap\">\n\t\t\t\t\t\t\t<\/div>\n\t\t<\/div>\n\t\t\t\t\t<\/div>\n\t\t<\/section>\n\t\t\t\t<section class=\"elementor-section elementor-top-section elementor-element elementor-element-3eeb3c1f elementor-section-boxed elementor-section-height-default elementor-section-height-default wpr-particle-no wpr-jarallax-no wpr-parallax-no wpr-sticky-section-no\" data-id=\"3eeb3c1f\" data-element_type=\"section\" data-settings=\"{&quot;background_background&quot;:&quot;classic&quot;}\">\n\t\t\t\t\t\t<div class=\"elementor-container elementor-column-gap-default\">\n\t\t\t\t\t<div class=\"elementor-column elementor-col-100 elementor-top-column elementor-element elementor-element-5de5f2c1\" data-id=\"5de5f2c1\" data-element_type=\"column\">\n\t\t\t<div class=\"elementor-widget-wrap elementor-element-populated\">\n\t\t\t\t\t\t<div class=\"elementor-element elementor-element-d69334f elementor-grid-3 elementor-grid-tablet-2 elementor-grid-mobile-1 elementor-posts--thumbnail-top elementor-card-shadow-yes elementor-posts__hover-gradient elementor-widget elementor-widget-posts\" data-id=\"d69334f\" data-element_type=\"widget\" data-settings=\"{&quot;cards_masonry&quot;:&quot;yes&quot;,&quot;cards_columns&quot;:&quot;3&quot;,&quot;cards_columns_tablet&quot;:&quot;2&quot;,&quot;cards_columns_mobile&quot;:&quot;1&quot;,&quot;cards_row_gap&quot;:{&quot;unit&quot;:&quot;px&quot;,&quot;size&quot;:35,&quot;sizes&quot;:[]},&quot;cards_row_gap_tablet&quot;:{&quot;unit&quot;:&quot;px&quot;,&quot;size&quot;:&quot;&quot;,&quot;sizes&quot;:[]},&quot;cards_row_gap_mobile&quot;:{&quot;unit&quot;:&quot;px&quot;,&quot;size&quot;:&quot;&quot;,&quot;sizes&quot;:[]}}\" data-widget_type=\"posts.cards\">\n\t\t\t\t<div class=\"elementor-widget-container\">\n\t\t\t\t\t\t\t<div class=\"elementor-posts-container elementor-posts elementor-posts--skin-cards elementor-grid\">\n\t\t\t\t<article class=\"elementor-post elementor-grid-item post-1563 post type-post status-publish format-standard has-post-thumbnail hentry category-novosti\">\n\t\t\t<div class=\"elementor-post__card\">\n\t\t\t\t<a class=\"elementor-post__thumbnail__link\" href=\"https:\/\/investeam.me\/en\/clanak\/\" tabindex=\"-1\" ><div class=\"elementor-post__thumbnail\"><img fetchpriority=\"high\" decoding=\"async\" width=\"300\" height=\"225\" src=\"https:\/\/investeam.me\/wp-content\/uploads\/2021\/06\/h-portfolio-08-300x225.jpg\" class=\"attachment-medium size-medium wp-image-327\" alt=\"a\" srcset=\"https:\/\/investeam.me\/wp-content\/uploads\/2021\/06\/h-portfolio-08-300x225.jpg 300w, https:\/\/investeam.me\/wp-content\/uploads\/2021\/06\/h-portfolio-08.jpg 640w\" sizes=\"(max-width: 300px) 100vw, 300px\" \/><\/div><\/a>\n\t\t\t\t<div class=\"elementor-post__text\">\n\t\t\t\t<h3 class=\"elementor-post__title\">\n\t\t\t<a href=\"https:\/\/investeam.me\/en\/clanak\/\" >\n\t\t\t\t\u010clanak\t\t\t<\/a>\n\t\t<\/h3>\n\t\t\t\t<div class=\"elementor-post__excerpt\">\n\t\t\t<p>Lorem ipsum dolor sit amet, consectetur adipiscing elit. Ut et odio bibendum, hendrerit libero sit amet, varius diam. Integer et ex vestibulum, mattis ligula interdum, pharetra ligula. Etiam rhoncus neque ut leo<\/p>\n\t\t<\/div>\n\t\t\n\t\t<a class=\"elementor-post__read-more\" href=\"https:\/\/investeam.me\/en\/clanak\/\" aria-label=\"Read more about \u010clanak\" tabindex=\"-1\" >\n\t\t\tREAD MORE \u00bb\t\t<\/a>\n\n\t\t\t\t<\/div>\n\t\t\t\t<div class=\"elementor-post__meta-data\">\n\t\t\t\t\t<span class=\"elementor-post-date\">\n\t\t\tOctober 11, 2023\t\t<\/span>\n\t\t\t\t<\/div>\n\t\t\t\t\t<\/div>\n\t\t<\/article>\n\t\t\t\t<\/div>\n\t\t\n\t\t\t\t\t\t<\/div>\n\t\t\t\t<\/div>\n\t\t\t\t\t<\/div>\n\t\t<\/div>\n\t\t\t\t\t<\/div>\n\t\t<\/section>\n\t\t\t\t<\/div>\n\t\t","protected":false},"excerpt":{"rendered":"<p>News<\/p>\n","protected":false},"author":1,"featured_media":0,"parent":0,"menu_order":0,"comment_status":"closed","ping_status":"closed","template":"","meta":{"content-type":"","footnotes":""},"class_list":["post-1577","page","type-page","status-publish","hentry"],"yoast_head":"<!-- This site is optimized with the Yoast SEO plugin v26.7 - https:\/\/yoast.com\/wordpress\/plugins\/seo\/ -->\n<title>Novosti - Investeam<\/title>\n<meta name=\"description\" content=\"Primarna djelatnost na\u0161eg preduze\u0107a je gra\u0111evina. Niskogradnja Podgorica. Investeam je osnovan 2020. godine, u Podgorici.\" \/>\n<meta name=\"robots\" content=\"index, follow, max-snippet:-1, max-image-preview:large, max-video-preview:-1\" \/>\n<link rel=\"canonical\" href=\"https:\/\/investeam.me\/news\/\" \/>\n<meta property=\"og:locale\" content=\"en_US\" \/>\n<meta property=\"og:type\" content=\"article\" \/>\n<meta property=\"og:title\" content=\"Novosti - Investeam\" \/>\n<meta property=\"og:description\" content=\"Primarna djelatnost na\u0161eg preduze\u0107a je gra\u0111evina. Niskogradnja Podgorica. Investeam je osnovan 2020. godine, u Podgorici.\" \/>\n<meta property=\"og:url\" content=\"https:\/\/investeam.me\/news\/\" \/>\n<meta property=\"og:site_name\" content=\"Investeam\" \/>\n<meta property=\"article:modified_time\" content=\"2024-01-24T14:36:18+00:00\" \/>\n<meta name=\"twitter:card\" content=\"summary_large_image\" \/>\n<meta name=\"twitter:label1\" content=\"Est. reading time\" \/>\n\t<meta name=\"twitter:data1\" content=\"1 minute\" \/>\n<script type=\"application\/ld+json\" class=\"yoast-schema-graph\">{\"@context\":\"https:\/\/schema.org\",\"@graph\":[{\"@type\":\"WebPage\",\"@id\":\"https:\/\/investeam.me\/news\/\",\"url\":\"https:\/\/investeam.me\/news\/\",\"name\":\"Novosti - Investeam\",\"isPartOf\":{\"@id\":\"https:\/\/investeam.me\/#website\"},\"datePublished\":\"2023-10-11T12:06:37+00:00\",\"dateModified\":\"2024-01-24T14:36:18+00:00\",\"description\":\"Primarna djelatnost na\u0161eg preduze\u0107a je gra\u0111evina. Niskogradnja Podgorica. Investeam je osnovan 2020. godine, u Podgorici.\",\"breadcrumb\":{\"@id\":\"https:\/\/investeam.me\/news\/#breadcrumb\"},\"inLanguage\":\"en-US\",\"potentialAction\":[{\"@type\":\"ReadAction\",\"target\":[\"https:\/\/investeam.me\/news\/\"]}]},{\"@type\":\"BreadcrumbList\",\"@id\":\"https:\/\/investeam.me\/news\/#breadcrumb\",\"itemListElement\":[{\"@type\":\"ListItem\",\"position\":1,\"name\":\"Home\",\"item\":\"https:\/\/investeam.me\/\"},{\"@type\":\"ListItem\",\"position\":2,\"name\":\"News\"}]},{\"@type\":\"WebSite\",\"@id\":\"https:\/\/investeam.me\/#website\",\"url\":\"https:\/\/investeam.me\/\",\"name\":\"Investeam\",\"description\":\"Gra\u0111evina\",\"potentialAction\":[{\"@type\":\"SearchAction\",\"target\":{\"@type\":\"EntryPoint\",\"urlTemplate\":\"https:\/\/investeam.me\/?s={search_term_string}\"},\"query-input\":{\"@type\":\"PropertyValueSpecification\",\"valueRequired\":true,\"valueName\":\"search_term_string\"}}],\"inLanguage\":\"en-US\"}]}<\/script>\n<!-- \/ Yoast SEO plugin. -->","yoast_head_json":{"title":"Novosti - Investeam","description":"Primarna djelatnost na\u0161eg preduze\u0107a je gra\u0111evina. Niskogradnja Podgorica. Investeam je osnovan 2020. godine, u Podgorici.","robots":{"index":"index","follow":"follow","max-snippet":"max-snippet:-1","max-image-preview":"max-image-preview:large","max-video-preview":"max-video-preview:-1"},"canonical":"https:\/\/investeam.me\/news\/","og_locale":"en_US","og_type":"article","og_title":"Novosti - Investeam","og_description":"Primarna djelatnost na\u0161eg preduze\u0107a je gra\u0111evina. Niskogradnja Podgorica. Investeam je osnovan 2020. godine, u Podgorici.","og_url":"https:\/\/investeam.me\/news\/","og_site_name":"Investeam","article_modified_time":"2024-01-24T14:36:18+00:00","twitter_card":"summary_large_image","twitter_misc":{"Est. reading time":"1 minute"},"schema":{"@context":"https:\/\/schema.org","@graph":[{"@type":"WebPage","@id":"https:\/\/investeam.me\/news\/","url":"https:\/\/investeam.me\/news\/","name":"Novosti - Investeam","isPartOf":{"@id":"https:\/\/investeam.me\/#website"},"datePublished":"2023-10-11T12:06:37+00:00","dateModified":"2024-01-24T14:36:18+00:00","description":"Primarna djelatnost na\u0161eg preduze\u0107a je gra\u0111evina. Niskogradnja Podgorica. Investeam je osnovan 2020. godine, u Podgorici.","breadcrumb":{"@id":"https:\/\/investeam.me\/news\/#breadcrumb"},"inLanguage":"en-US","potentialAction":[{"@type":"ReadAction","target":["https:\/\/investeam.me\/news\/"]}]},{"@type":"BreadcrumbList","@id":"https:\/\/investeam.me\/news\/#breadcrumb","itemListElement":[{"@type":"ListItem","position":1,"name":"Home","item":"https:\/\/investeam.me\/"},{"@type":"ListItem","position":2,"name":"News"}]},{"@type":"WebSite","@id":"https:\/\/investeam.me\/#website","url":"https:\/\/investeam.me\/","name":"Investeam","description":"Gra\u0111evina","potentialAction":[{"@type":"SearchAction","target":{"@type":"EntryPoint","urlTemplate":"https:\/\/investeam.me\/?s={search_term_string}"},"query-input":{"@type":"PropertyValueSpecification","valueRequired":true,"valueName":"search_term_string"}}],"inLanguage":"en-US"}]}},"_links":{"self":[{"href":"https:\/\/investeam.me\/en\/wp-json\/wp\/v2\/pages\/1577","targetHints":{"allow":["GET"]}}],"collection":[{"href":"https:\/\/investeam.me\/en\/wp-json\/wp\/v2\/pages"}],"about":[{"href":"https:\/\/investeam.me\/en\/wp-json\/wp\/v2\/types\/page"}],"author":[{"embeddable":true,"href":"https:\/\/investeam.me\/en\/wp-json\/wp\/v2\/users\/1"}],"replies":[{"embeddable":true,"href":"https:\/\/investeam.me\/en\/wp-json\/wp\/v2\/comments?post=1577"}],"version-history":[{"count":17,"href":"https:\/\/investeam.me\/en\/wp-json\/wp\/v2\/pages\/1577\/revisions"}],"predecessor-version":[{"id":2772,"href":"https:\/\/investeam.me\/en\/wp-json\/wp\/v2\/pages\/1577\/revisions\/2772"}],"wp:attachment":[{"href":"https:\/\/investeam.me\/en\/wp-json\/wp\/v2\/media?parent=1577"}],"curies":[{"name":"wp","href":"https:\/\/api.w.org\/{rel}","templated":true}]}}